{"id":3391,"date":"2022-10-19T21:18:45","date_gmt":"2022-10-19T20:18:45","guid":{"rendered":"https:\/\/tempodeole.com\/dor-et-de-sang-kreation-2024\/"},"modified":"2026-04-14T22:11:40","modified_gmt":"2026-04-14T21:11:40","slug":"dor-et-de-sang-kreation-2024","status":"publish","type":"page","link":"https:\/\/tempodeole.com\/de\/dor-et-de-sang-kreation-2024\/","title":{"rendered":"D&#8217;Or et de Sang \u2013 Kreation 2024"},"content":{"rendered":"<p>[et_pb_section fb_built=&#8220;1&#8243; admin_label=&#8220;Guide&#8220; _builder_version=&#8220;4.27.5&#8243; _module_preset=&#8220;default&#8220; background_color_gradient_direction=&#8220;90deg&#8220; background_image=&#8220;<a href=\"https:\/\/tempodeole.com\/wp-content\/uploads\/2025\/02\/bassaler-1622-avec-accentuation-bruit.jpg&#038;#8220\">https:\/\/tempodeole.com\/wp-content\/uploads\/2025\/02\/bassaler-1622-avec-accentuation-bruit.jpg&#038;#8220<\/a>; custom_padding=&#8220;0px||0px||true|false&#8220; hover_enabled=&#8220;0&#8243; collapsed=&#8220;off&#8220; global_colors_info=&#8220;{}&#8220; sticky_enabled=&#8220;0&#8243;][et_pb_row column_structure=&#8220;1_2,1_2&#8243; use_custom_gutter=&#8220;on&#8220; gutter_width=&#8220;1&#8243; make_equal=&#8220;on&#8220; admin_label=&#8220;Best Beans Row&#8220; module_class=&#8220; et_pb_row_fullwidth&#8220; _builder_version=&#8220;4.27.5&#8243; _module_preset=&#8220;default&#8220; width=&#8220;100%&#8220; width_tablet=&#8220;100%&#8220; width_phone=&#8220;100%&#8220; width_last_edited=&#8220;on|desktop&#8220; max_width=&#8220;100%&#8220; max_width_tablet=&#8220;100%&#8220; max_width_phone=&#8220;100%&#8220; max_width_last_edited=&#8220;on|desktop&#8220; custom_margin=&#8220;||||false|false&#8220; custom_padding=&#8220;50px||0px||false|false&#8220; hover_enabled=&#8220;0&#8243; make_fullwidth=&#8220;on&#8220; global_colors_info=&#8220;{}&#8220; sticky_enabled=&#8220;0&#8243;][et_pb_column type=&#8220;1_2&#8243; _builder_version=&#8220;4.27.5&#8243; _module_preset=&#8220;default&#8220; custom_padding=&#8220;20%|8%|8%|8%|false|true&#8220; global_colors_info=&#8220;{}&#8220; custom_padding__hover=&#8220;|||&#8220;][et_pb_text _builder_version=&#8220;4.27.5&#8243; _module_preset=&#8220;1daac188-66df-46a9-9192-ca9d42983c65&#8243; header_2_font=&#8220;Josefin Sans|||on|||||&#8220; header_2_text_color=&#8220;#FFFFFF&#8220; header_2_font_size=&#8220;17px&#8220; custom_margin=&#8220;||||false|false&#8220; global_colors_info=&#8220;{}&#8220;]<\/p>\n<h2>Kreation 2024<\/h2>\n<p>[\/et_pb_text][et_pb_text _builder_version=&#8220;4.27.5&#8243; _module_preset=&#8220;default&#8220; text_font=&#8220;Josefin Sans||||||||&#8220; text_font_size=&#8220;17px&#8220; custom_padding=&#8220;0px||27px|||&#8220; global_colors_info=&#8220;{}&#8220;]<\/p>\n<p class=\"wp-block-paragraph\"><span style=\"color: #ffffff;\">Eine Show mit 5 Akrobaten und Voltigierern, 1 Musiker, 4 Pferden und 1 Hund \/ Dauer 1 Std. 10 Min.<\/span><\/p>\n<p class=\"wp-block-paragraph\"><span style=\"color: #ffffff;\"><strong>Regie<\/strong>: Philippe Vande Weghe<\/span><br \/><span style=\"color: #ffffff;\"><strong>Szenografie<\/strong>: Aline Claus und Isis Hauben<\/span><br \/><span style=\"color: #ffffff;\"><strong>Kost\u00fcme<\/strong>: L\u00e9onor Boyot Gellibert<\/span><br \/><span style=\"color: #ffffff;\"><strong>Kost\u00fcmassistenz<\/strong>: Judith Van Parys und Darius Grenier<\/span><br \/><span style=\"color: #ffffff;\"><strong>Musikalische Gestaltung<\/strong>: Emile Postic<\/span><br \/><span style=\"color: #ffffff;\"><strong>Produktion<\/strong> und <strong>Vertrieb<\/strong>: Pascale Mahieu<\/span><br \/><span style=\"color: #ffffff;\"><strong>Verwaltung<\/strong>: Estelle Coppe<\/span><\/p>\n<p>[\/et_pb_text][et_pb_text _builder_version=&#8220;4.27.5&#8243; _module_preset=&#8220;default&#8220; text_font=&#8220;Josefin Sans||||||||&#8220; text_text_color=&#8220;#FFFFFF&#8220; text_font_size=&#8220;15px&#8220; custom_margin=&#8220;||23px|||&#8220; custom_padding=&#8220;||2px|||&#8220; global_colors_info=&#8220;{}&#8220;]<\/p>\n<p style=\"text-align: justify;\"><span style=\"color: #ffffff;\">Durch die Neuinterpretation der Archetypen des traditionellen Zirkus m\u00f6chte die Compagnie <a href=\"http:\/\/www.tempodeole.com\" target=\"_blank\" rel=\"noreferrer noopener\" style=\"color: #ffffff;\"><strong>Tempo d\u2019Eole<\/strong><\/a> unsere moderne Gesellschaft hinterfragen: patriarchalisch, hierarchisch, entfremdet vom Tier und der eigenen Natur. Grundlage des Projekts ist der Wunsch, \u00fcber unsere Identit\u00e4ten, \u00fcber Aspekte von Geschlecht und Spezies sowie \u00fcber die Rollen nachzudenken, die wir dadurch einnehmen. Auf eine scheinbar nostalgische Weise nutzen wir das Bild des traditionellen, hierarchischen und patriarchalischen Zirkus, um eine Allegorie unserer heutigen westlichen Gesellschaft zu entwickeln und die Codes und Schubladen, die uns auferlegt werden, infrage zu stellen.  <\/span><\/p>\n<p>[\/et_pb_text][\/et_pb_column][et_pb_column type=&#8220;1_2&#8243; _builder_version=&#8220;4.27.5&#8243; _module_preset=&#8220;default&#8220; background_enable_image=&#8220;off&#8220; custom_padding=&#8220;20%||8%||false|false&#8220; global_colors_info=&#8220;{}&#8220;][et_pb_image src=&#8220;<a href=\"https:\/\/tempodeole.com\/wp-content\/uploads\/2024\/07\/affiche_3_com-2.jpg&#038;#8220\">https:\/\/tempodeole.com\/wp-content\/uploads\/2024\/07\/affiche_3_com-2.jpg&#038;#8220<\/a>; title_text=&#8220;Plakat_3_COM&#8220; show_bottom_space=&#8220;off&#8220; align=&#8220;center&#8220; _builder_version=&#8220;4.27.5&#8243; _module_preset=&#8220;default&#8220; width=&#8220;50%&#8220; custom_margin=&#8220;-4px||85px||false|false&#8220; hover_enabled=&#8220;0&#8243; border_radii=&#8220;on|10px|10px|10px|10px&#8220; border_width_all=&#8220;16px&#8220; border_color_all=&#8220;#FFFFFF&#8220; global_colors_info=&#8220;{}&#8220; max_width_last_edited=&#8220;on|phone&#8220; max_width_phone=&#8220;86%&#8220; sticky_enabled=&#8220;0&#8243;][\/et_pb_image][\/et_pb_column][\/et_pb_row][\/et_pb_section][et_pb_section fb_built=&#8220;1&#8243; _builder_version=&#8220;4.27.5&#8243; _module_preset=&#8220;default&#8220; custom_margin=&#8220;0px||||false|false&#8220; custom_padding=&#8220;0px||0px||false|false&#8220; global_colors_info=&#8220;{}&#8220;][et_pb_row _builder_version=&#8220;4.27.5&#8243; _module_preset=&#8220;default&#8220; width=&#8220;100%&#8220; max_width=&#8220;2329px&#8220; custom_padding=&#8220;0px||0px||false|false&#8220; global_colors_info=&#8220;{}&#8220;][et_pb_column type=&#8220;4_4&#8243; _builder_version=&#8220;4.24.3&#8243; _module_preset=&#8220;default&#8220; global_colors_info=&#8220;{}&#8220;][et_pb_video src=&#8220;<a href=\"https:\/\/www.youtube.com\/watch?v=euFF_q-wdhs&#038;#8220\" rel=\"nofollow\">https:\/\/www.youtube.com\/watch?v=euFF_q-wdhs&#038;#8220<\/a>; src_webm=&#8220;<a href=\"https:\/\/www.youtube.com\/watch?v=euFF_q-wdhs&#038;#8220\" rel=\"nofollow\">https:\/\/www.youtube.com\/watch?v=euFF_q-wdhs&#038;#8220<\/a>; _builder_version=&#8220;4.27.5&#8243; _module_preset=&#8220;default&#8220; hover_enabled=&#8220;0&#8243; global_colors_info=&#8220;{}&#8220; custom_margin=&#8220;51px||||false|false&#8220; sticky_enabled=&#8220;0&#8243;][\/et_pb_video][et_pb_text module_id=&#8220;plus&#8220; _builder_version=&#8220;4.27.5&#8243; _module_preset=&#8220;default&#8220; header_4_font=&#8220;Josefin Sans||||||||&#8220; width=&#8220;62%&#8220; module_alignment=&#8220;center&#8220; custom_margin=&#8220;15px|||-1px|false|false&#8220; custom_padding=&#8220;0px||||false|false&#8220; hover_enabled=&#8220;0&#8243; global_colors_info=&#8220;{}&#8220; max_width_last_edited=&#8220;on|phone&#8220; max_width_phone=&#8220;85%&#8220; sticky_enabled=&#8220;0&#8243;]<\/p>\n<h4 class=\"wp-block-paragraph\" style=\"text-align: justify;\">Er tr\u00e4gt den Hut, er h\u00e4lt die Peitsche, man gehorcht ihm. Er f\u00fchrt den Zirkus mit eiserner Hand. Seine Pferde sind angeschirrt, seine T\u00f6chter sind sch\u00f6n, seine S\u00f6hne sind stark, seine Kost\u00fcme sind tadellos. Zum Zeitpunkt seines gro\u00dfen Finales ist alles an seinem Platz, Gold und Pailletten gl\u00e4nzen vor den Augen der faszinierten Zuschauer, und er h\u00e4lt die Z\u00fcgel dieser perfekten Mechanik in der Hand.   <\/h4>\n<h4 class=\"wp-block-paragraph\" style=\"text-align: justify;\">Doch wer Macht schafft, schafft Eifersucht; wer Ordnung schafft, setzt sich dem Chaos aus. Hinter den Kulissen werden die Stimmen laut. In den St\u00e4llen scharren die Hufe. Im Schatten der Trib\u00fcnen werden Allianzen geschmiedet. Man versucht es, man fl\u00fcstert es ihm zu, man warnt ihn. Er h\u00f6rt nicht zu, er verzieht zweifelnd das Gesicht &#8230; Auf dem H\u00f6hepunkt des Erfolgs, dem gro\u00dfen Finale des Zirkus, schl\u00e4gt die Stunde des Blutes, die Stunde der Meuterei. Die Pferde werden \u00fcberleben, aber der Mensch wird gewiss untergehen.       <\/h4>\n<p>[\/et_pb_text][\/et_pb_column][\/et_pb_row][\/et_pb_section][et_pb_section fb_built=&#8220;1&#8243; _builder_version=&#8220;4.27.5&#8243; _module_preset=&#8220;default&#8220; width=&#8220;100%&#8220; max_width=&#8220;100%&#8220; global_colors_info=&#8220;{}&#8220;][et_pb_row _builder_version=&#8220;4.27.5&#8243; _module_preset=&#8220;default&#8220; width=&#8220;100%&#8220; max_width=&#8220;980px&#8220; global_colors_info=&#8220;{}&#8220;][et_pb_column type=&#8220;4_4&#8243; _builder_version=&#8220;4.27.5&#8243; _module_preset=&#8220;default&#8220; global_colors_info=&#8220;{}&#8220;][et_pb_gallery gallery_ids=&#8220;2281,2062,2054,2047,2046,2044,2052,2063&#8243; fullwidth=&#8220;on&#8220; _builder_version=&#8220;4.27.5&#8243; _module_preset=&#8220;default&#8220; global_colors_info=&#8220;{}&#8220;][\/et_pb_gallery][et_pb_text _builder_version=&#8220;4.24.3&#8243; _module_preset=&#8220;default&#8220; custom_margin=&#8220;||6px|||&#8220; locked=&#8220;off&#8220; global_colors_info=&#8220;{}&#8220;]<\/p>\n<p style=\"text-align: center;\"><em>\u00a9AntoineBASSALER<\/em><\/p>\n<p>[\/et_pb_text][\/et_pb_column][\/et_pb_row][\/et_pb_section][et_pb_section fb_built=&#8220;1&#8243; _builder_version=&#8220;4.27.5&#8243; _module_preset=&#8220;default&#8220; custom_margin=&#8220;-50px||-50px||false|false&#8220; global_colors_info=&#8220;{}&#8220;][et_pb_row column_structure=&#8220;1_3,1_3,1_3&#8243; _builder_version=&#8220;4.27.5&#8243; _module_preset=&#8220;default&#8220; hover_enabled=&#8220;0&#8243; global_colors_info=&#8220;{}&#8220; max_width_last_edited=&#8220;on|phone&#8220; max_width_phone=&#8220;88%&#8220; width_last_edited=&#8220;on|phone&#8220; width_phone=&#8220;47%&#8220; sticky_enabled=&#8220;0&#8243;][et_pb_column type=&#8220;1_3&#8243; _builder_version=&#8220;4.27.5&#8243; _module_preset=&#8220;default&#8220; global_colors_info=&#8220;{}&#8220;][et_pb_icon font_icon=&#8220;&#x6d;||divi||400&#8243; icon_width=&#8220;70px&#8220; _builder_version=&#8220;4.27.5&#8243; _module_preset=&#8220;default&#8220; global_colors_info=&#8220;{}&#8220;][\/et_pb_icon][et_pb_text _builder_version=&#8220;4.27.5&#8243; _module_preset=&#8220;default&#8220; header_font=&#8220;&#8211;et_global_heading_font||||||||&#8220; header_text_color=&#8220;gcid-primary-color&#8220; global_colors_info=&#8220;{%22gcid-primary-color%22:%91%22header_text_color%22%93}&#8220;]<\/p>\n<h1 style=\"text-align: center;\">Vertriebsdossier<\/h1>\n<p>[\/et_pb_text][\/et_pb_column][et_pb_column type=&#8220;1_3&#8243; _builder_version=&#8220;4.27.5&#8243; _module_preset=&#8220;default&#8220; global_colors_info=&#8220;{}&#8220;][et_pb_icon font_icon=&#8220;&#xe076;||divi||400&#8243; icon_width=&#8220;70px&#8220; url=&#8220;mailto:%20tempo.deole.event@gmail.com%20&#8243; _builder_version=&#8220;4.27.5&#8243; _module_preset=&#8220;default&#8220; global_colors_info=&#8220;{}&#8220;][\/et_pb_icon][et_pb_text _builder_version=&#8220;4.27.5&#8243; _module_preset=&#8220;default&#8220; header_font=&#8220;&#8211;et_global_heading_font||||||||&#8220; header_text_color=&#8220;gcid-primary-color&#8220; global_colors_info=&#8220;{%22gcid-primary-color%22:%91%22header_text_color%22%93}&#8220;]<\/p>\n<h1 style=\"text-align: center;\"><a href=\"mailto:tempo.deole.event@gmail.com%20\"><\/a><a href=\"mailto:tempo.deole.event@gmail.com%20\">Pressekontakt<\/a><\/h1>\n<p>[\/et_pb_text][\/et_pb_column][et_pb_column type=&#8220;1_3&#8243; _builder_version=&#8220;4.27.5&#8243; _module_preset=&#8220;default&#8220; global_colors_info=&#8220;{}&#8220;][et_pb_icon font_icon=&#8220;&#x57;||divi||400&#8243; icon_width=&#8220;70px&#8220; _builder_version=&#8220;4.27.5&#8243; _module_preset=&#8220;default&#8220; global_colors_info=&#8220;{}&#8220;][\/et_pb_icon][et_pb_text _builder_version=&#8220;4.27.5&#8243; _module_preset=&#8220;default&#8220; header_font=&#8220;&#8211;et_global_heading_font||||||||&#8220; header_text_color=&#8220;gcid-primary-color&#8220; global_colors_info=&#8220;{%22gcid-primary-color%22:%91%22header_text_color%22%93}&#8220;]<\/p>\n<h1 style=\"text-align: center;\">Infomappe<\/h1>\n<p>[\/et_pb_text][\/et_pb_column][\/et_pb_row][\/et_pb_section][et_pb_section fb_built=&#8220;1&#8243; _builder_version=&#8220;4.24.3&#8243; _module_preset=&#8220;default&#8220; custom_padding=&#8220;0px||7px|||&#8220; global_colors_info=&#8220;{}&#8220;][et_pb_row _builder_version=&#8220;4.24.3&#8243; _module_preset=&#8220;default&#8220; global_colors_info=&#8220;{}&#8220;][et_pb_column type=&#8220;4_4&#8243; _builder_version=&#8220;4.24.3&#8243; _module_preset=&#8220;default&#8220; global_colors_info=&#8220;{}&#8220;][et_pb_text _builder_version=&#8220;4.27.5&#8243; _module_preset=&#8220;default&#8220; text_font=&#8220;dom casual||||||||&#8220; text_text_color=&#8220;gcid-b247d7e9-2bbc-48fc-81a8-3cd1da3da572&#8243; text_font_size=&#8220;31px&#8220; text_orientation=&#8220;center&#8220; custom_margin=&#8220;||-10px|||&#8220; global_colors_info=&#8220;{%22gcid-b247d7e9-2bbc-48fc-81a8-3cd1da3da572%22:%91%22text_text_color%22%93}&#8220;]<\/p>\n<p>Unsere Koproduktionspartner<\/p>\n<p>[\/et_pb_text][et_pb_image src=&#8220;<a href=\"https:\/\/tempodeole.com\/wp-content\/uploads\/2026\/04\/Coproducteur-Dor-et-de-sang.webp&#038;#8220\">https:\/\/tempodeole.com\/wp-content\/uploads\/2026\/04\/Coproducteur-Dor-et-de-sang.webp&#038;#8220<\/a>; title_text=&#8220;Koproduzent D&#039;or et de sang&#8220; _builder_version=&#8220;4.27.5&#8243; _module_preset=&#8220;default&#8220; width=&#8220;52%&#8220; module_alignment=&#8220;center&#8220; custom_margin=&#8220;||-28px|||&#8220; global_colors_info=&#8220;{}&#8220;][\/et_pb_image][\/et_pb_column][\/et_pb_row][\/et_pb_section]<\/p>\n","protected":false},"excerpt":{"rendered":"<p>Kreation 2024Eine Show mit 5 Akrobaten und Voltigierern, 1 Musiker, 4 Pferden und 1 Hund \/ Dauer 1 Std. 10 Min. Regie: Philippe Vande WegheSzenografie: Aline Claus und Isis HaubenKost\u00fcme: L\u00e9onor Boyot GellibertKost\u00fcmassistenz: Judith Van Parys und Darius GrenierMusikalische Gestaltung: Emile PosticProduktion und Vertrieb: Pascale MahieuVerwaltung: Estelle CoppeDurch die Neuinterpretation der Archetypen des traditionellen Zirkus [&hellip;]<\/p>\n","protected":false},"author":173470647,"featured_media":3393,"parent":0,"menu_order":0,"comment_status":"closed","ping_status":"closed","template":"","meta":{"_et_pb_use_builder":"on","_et_pb_old_content":"","_et_gb_content_width":"","footnotes":""},"class_list":["post-3391","page","type-page","status-publish","has-post-thumbnail","hentry"],"jetpack_likes_enabled":true,"jetpack_sharing_enabled":true,"jetpack_shortlink":"https:\/\/wp.me\/P9KzTo-SH","jetpack-related-posts":[],"_links":{"self":[{"href":"https:\/\/tempodeole.com\/de\/wp-json\/wp\/v2\/pages\/3391","targetHints":{"allow":["GET"]}}],"collection":[{"href":"https:\/\/tempodeole.com\/de\/wp-json\/wp\/v2\/pages"}],"about":[{"href":"https:\/\/tempodeole.com\/de\/wp-json\/wp\/v2\/types\/page"}],"author":[{"embeddable":true,"href":"https:\/\/tempodeole.com\/de\/wp-json\/wp\/v2\/users\/173470647"}],"replies":[{"embeddable":true,"href":"https:\/\/tempodeole.com\/de\/wp-json\/wp\/v2\/comments?post=3391"}],"version-history":[{"count":3,"href":"https:\/\/tempodeole.com\/de\/wp-json\/wp\/v2\/pages\/3391\/revisions"}],"predecessor-version":[{"id":3398,"href":"https:\/\/tempodeole.com\/de\/wp-json\/wp\/v2\/pages\/3391\/revisions\/3398"}],"wp:featuredmedia":[{"embeddable":true,"href":"https:\/\/tempodeole.com\/de\/wp-json\/wp\/v2\/media\/3393"}],"wp:attachment":[{"href":"https:\/\/tempodeole.com\/de\/wp-json\/wp\/v2\/media?parent=3391"}],"curies":[{"name":"wp","href":"https:\/\/api.w.org\/{rel}","templated":true}]}}